{"id":1105,"date":"2018-09-15T10:36:34","date_gmt":"2018-09-15T07:36:34","guid":{"rendered":"http:\/\/na-turkiye.org\/?page_id=1105"},"modified":"2024-02-12T12:02:12","modified_gmt":"2024-02-12T09:02:12","slug":"ornek-sayfa","status":"publish","type":"page","link":"https:\/\/na-turkiye.org\/en\/","title":{"rendered":"Welcome"},"content":{"rendered":"<p><!--:tr--><\/p>\n<p style=\"text-align: justify;\"><strong>Ads\u0131z Narkotik Program\u0131 Nedir?<\/strong><\/p>\n<p style=\"text-align: justify;\">NA, uyu\u015fturucular kendileri i\u00e7in \u00f6nemli bir sorun haline gelmi\u015f kad\u0131n ve erkeklerin olu\u015fturdu\u011fu, kar g\u00fctmeyen bir arkada\u015fl\u0131k birli\u011fidir. Bizler, temiz kalmakta birbirine yard\u0131m etmek i\u00e7in d\u00fczenli toplanan, iyile\u015fmekte olan ba\u011f\u0131ml\u0131lar\u0131z. Bu t\u00fcm uyu\u015fturuculardan tamamen uzak durma program\u0131d\u0131r.<\/p>\n<p style=\"text-align: justify;\">\u00dcyelik i\u00e7in tek ko\u015ful vard\u0131r, kullanmay\u0131 b\u0131rakma arzusudur. Biz size a\u00e7\u0131k fikirli olman\u0131z\u0131 ve kendinize bir f\u0131rsat tan\u0131man\u0131z\u0131 \u00f6neririz. Program\u0131m\u0131z basit yaz\u0131lm\u0131\u015f, g\u00fcnl\u00fck hayat\u0131m\u0131zda kolayca izleyebilece\u011fimiz bir ilkeler dizisidir. Bunlar hakk\u0131ndaki en \u00f6nemli \u015fey \u00e7al\u0131\u015ft\u0131klar\u0131d\u0131r.<\/p>\n<p style=\"text-align: justify;\"><strong>T\u00fcrkiye\u2019de Ads\u0131z Narkotik Arkada\u015fl\u0131k Birli\u011fi<\/strong><\/p>\n<p style=\"text-align: justify;\">Ekim 1993\u2019te \u0130stanbul\u2019da ilk NA toplant\u0131s\u0131 yap\u0131ld\u0131. 2003\u2019te ilk konvansiyonumuzu yapt\u0131k ve ayn\u0131 zamanda T\u00fcrkiye\u2019de NA\u2019n\u0131n kurulu\u015funun onuncu y\u0131l\u0131n\u0131 kutlad\u0131k. 2011 Ekim ay\u0131ndaki 9. Konvasiyonumuz di\u011fer konvansiyonlara g\u00f6re \u00e7ok daha kalabal\u0131k oldu. Bu da T\u00fcrkiye\u2019de NA\u2019n\u0131n yava\u015f da olsa b\u00fcy\u00fcd\u00fc\u011f\u00fcne i\u015faretti. Her \u00fc\u00e7 ayda bir d\u00fczenli bir \u015fekilde Alan Hizmetleri Komite Toplant\u0131lar\u0131 yap\u0131l\u0131yor. Biz T\u00fcrkiye olarak ayn\u0131 zamanda EDM\u2019e \u00fcyeyiz.<\/p>\n<p><!--:--><br \/>\n<!--:en--><\/p>\n<p style=\"text-align: justify;\"><strong>What is the Narcotics Anonymous Program<\/strong> NA is a nonprofit fellowship or society of men and women for whom drugs had become a major problem. We are recovering addicts who meet regularly to help each other stay clean. This is a program of complete abstinence from all drugs. There is only one requirement for membership, the desire to stop using. We suggest that you keep an open mind and give yourself a break. Our program is a set of principles written so simply that we can follow them in our daily lives. The most important thing about them is that they work.<\/p>\n<p style=\"text-align: justify;\"><strong>Narcotics Anonymous in Turkey<\/strong> The first NA meeting in Turkey was held in \u0130stanbul at October, 1993. We made our first convention at 2003 while we were celebrating our tenth year. One of our conventions in \u0130stanbul at October, 2009 was much more crowded then ever, and we were happy to see that the Turkish fellowship was growing. Slowly but growing indeed. Today there are seven NA groups in Turkey, three in \u0130stanbul, one each in Ankara and Fethiye and two in Gaziantep. We are cunducting Area Service Committee Meetings regularly by three month periods. We also are a member of the EDM.<\/p>\n<p><!--:--><\/p>\n","protected":false},"excerpt":{"rendered":"<p>Ads\u0131z Narkotik Program\u0131 Nedir? NA, uyu\u015fturucular kendileri i\u00e7in \u00f6nemli bir sorun haline gelmi\u015f kad\u0131n ve erkeklerin olu\u015fturdu\u011fu, kar g\u00fctmeyen bir arkada\u015fl\u0131k birli\u011fidir. Bizler, temiz kalmakta birbirine yard\u0131m etmek i\u00e7in d\u00fczenli toplanan, iyile\u015fmekte olan ba\u011f\u0131ml\u0131lar\u0131z. Bu t\u00fcm uyu\u015fturuculardan tamamen uzak durma program\u0131d\u0131r. \u00dcyelik i\u00e7in tek ko\u015ful vard\u0131r, kullanmay\u0131 b\u0131rakma arzusudur. Biz size a\u00e7\u0131k fikirli olman\u0131z\u0131 ve<\/p>\n","protected":false},"author":1,"featured_media":4474,"parent":0,"menu_order":0,"comment_status":"closed","ping_status":"closed","template":"","meta":{"footnotes":""},"class_list":["post-1105","page","type-page","status-publish","has-post-thumbnail","hentry"],"yoast_head":"<!-- This site is optimized with the Yoast SEO plugin v24.0 - https:\/\/yoast.com\/wordpress\/plugins\/seo\/ -->\n<title>Welcome - Ads\u0131z Narkotik T\u00fcrkiye<\/title>\n<meta name=\"robots\" content=\"index, follow, max-snippet:-1, max-image-preview:large, max-video-preview:-1\" \/>\n<link rel=\"canonical\" href=\"https:\/\/na-turkiye.org\/en\/\" \/>\n<meta property=\"og:locale\" content=\"en_US\" \/>\n<meta property=\"og:type\" content=\"article\" \/>\n<meta property=\"og:title\" content=\"Welcome - Ads\u0131z Narkotik T\u00fcrkiye\" \/>\n<meta property=\"og:description\" content=\"Ads\u0131z Narkotik Program\u0131 Nedir? NA, uyu\u015fturucular kendileri i\u00e7in \u00f6nemli bir sorun haline gelmi\u015f kad\u0131n ve erkeklerin olu\u015fturdu\u011fu, kar g\u00fctmeyen bir arkada\u015fl\u0131k birli\u011fidir. Bizler, temiz kalmakta birbirine yard\u0131m etmek i\u00e7in d\u00fczenli toplanan, iyile\u015fmekte olan ba\u011f\u0131ml\u0131lar\u0131z. Bu t\u00fcm uyu\u015fturuculardan tamamen uzak durma program\u0131d\u0131r. \u00dcyelik i\u00e7in tek ko\u015ful vard\u0131r, kullanmay\u0131 b\u0131rakma arzusudur. Biz size a\u00e7\u0131k fikirli olman\u0131z\u0131 ve\" \/>\n<meta property=\"og:url\" content=\"https:\/\/na-turkiye.org\/en\/\" \/>\n<meta property=\"og:site_name\" content=\"Ads\u0131z Narkotik T\u00fcrkiye\" \/>\n<meta property=\"article:modified_time\" content=\"2024-02-12T09:02:12+00:00\" \/>\n<meta name=\"twitter:card\" content=\"summary_large_image\" \/>\n<meta name=\"twitter:label1\" content=\"Est. reading time\" \/>\n\t<meta name=\"twitter:data1\" content=\"2 minutes\" \/>\n<script type=\"application\/ld+json\" class=\"yoast-schema-graph\">{\"@context\":\"https:\/\/schema.org\",\"@graph\":[{\"@type\":\"WebPage\",\"@id\":\"https:\/\/na-turkiye.org\/en\/\",\"url\":\"https:\/\/na-turkiye.org\/en\/\",\"name\":\"Welcome - Ads\u0131z Narkotik T\u00fcrkiye\",\"isPartOf\":{\"@id\":\"https:\/\/na-turkiye.org\/?lang=en\/#website\"},\"primaryImageOfPage\":{\"@id\":\"https:\/\/na-turkiye.org\/en\/#primaryimage\"},\"image\":{\"@id\":\"https:\/\/na-turkiye.org\/en\/#primaryimage\"},\"thumbnailUrl\":\"https:\/\/na-turkiye.org\/wp-content\/uploads\/2026\/04\/iletisim_son-2.jpg\",\"datePublished\":\"2018-09-15T07:36:34+00:00\",\"dateModified\":\"2024-02-12T09:02:12+00:00\",\"breadcrumb\":{\"@id\":\"https:\/\/na-turkiye.org\/en\/#breadcrumb\"},\"inLanguage\":\"en-US\",\"potentialAction\":[{\"@type\":\"ReadAction\",\"target\":[\"https:\/\/na-turkiye.org\/en\/\"]}]},{\"@type\":\"ImageObject\",\"inLanguage\":\"en-US\",\"@id\":\"https:\/\/na-turkiye.org\/en\/#primaryimage\",\"url\":\"https:\/\/na-turkiye.org\/wp-content\/uploads\/2026\/04\/iletisim_son-2.jpg\",\"contentUrl\":\"https:\/\/na-turkiye.org\/wp-content\/uploads\/2026\/04\/iletisim_son-2.jpg\",\"width\":640,\"height\":640},{\"@type\":\"BreadcrumbList\",\"@id\":\"https:\/\/na-turkiye.org\/en\/#breadcrumb\",\"itemListElement\":[{\"@type\":\"ListItem\",\"position\":1,\"name\":\"Ana sayfa\",\"item\":\"https:\/\/na-turkiye.org\/en\/\"},{\"@type\":\"ListItem\",\"position\":2,\"name\":\"Welcome\"}]},{\"@type\":\"WebSite\",\"@id\":\"https:\/\/na-turkiye.org\/?lang=en\/#website\",\"url\":\"https:\/\/na-turkiye.org\/?lang=en\/\",\"name\":\"Ads\u0131z Narkotik T\u00fcrkiye\",\"description\":\"Uyu\u015fturucu Problemse Biz Yard\u0131mc\u0131 Olabiliriz!\",\"potentialAction\":[{\"@type\":\"SearchAction\",\"target\":{\"@type\":\"EntryPoint\",\"urlTemplate\":\"https:\/\/na-turkiye.org\/?lang=en\/?s={search_term_string}\"},\"query-input\":{\"@type\":\"PropertyValueSpecification\",\"valueRequired\":true,\"valueName\":\"search_term_string\"}}],\"inLanguage\":\"en-US\"}]}<\/script>\n<!-- \/ Yoast SEO plugin. -->","yoast_head_json":{"title":"Welcome - Ads\u0131z Narkotik T\u00fcrkiye","robots":{"index":"index","follow":"follow","max-snippet":"max-snippet:-1","max-image-preview":"max-image-preview:large","max-video-preview":"max-video-preview:-1"},"canonical":"https:\/\/na-turkiye.org\/en\/","og_locale":"en_US","og_type":"article","og_title":"Welcome - Ads\u0131z Narkotik T\u00fcrkiye","og_description":"Ads\u0131z Narkotik Program\u0131 Nedir? NA, uyu\u015fturucular kendileri i\u00e7in \u00f6nemli bir sorun haline gelmi\u015f kad\u0131n ve erkeklerin olu\u015fturdu\u011fu, kar g\u00fctmeyen bir arkada\u015fl\u0131k birli\u011fidir. Bizler, temiz kalmakta birbirine yard\u0131m etmek i\u00e7in d\u00fczenli toplanan, iyile\u015fmekte olan ba\u011f\u0131ml\u0131lar\u0131z. Bu t\u00fcm uyu\u015fturuculardan tamamen uzak durma program\u0131d\u0131r. \u00dcyelik i\u00e7in tek ko\u015ful vard\u0131r, kullanmay\u0131 b\u0131rakma arzusudur. Biz size a\u00e7\u0131k fikirli olman\u0131z\u0131 ve","og_url":"https:\/\/na-turkiye.org\/en\/","og_site_name":"Ads\u0131z Narkotik T\u00fcrkiye","article_modified_time":"2024-02-12T09:02:12+00:00","twitter_card":"summary_large_image","twitter_misc":{"Est. reading time":"2 minutes"},"schema":{"@context":"https:\/\/schema.org","@graph":[{"@type":"WebPage","@id":"https:\/\/na-turkiye.org\/en\/","url":"https:\/\/na-turkiye.org\/en\/","name":"Welcome - Ads\u0131z Narkotik T\u00fcrkiye","isPartOf":{"@id":"https:\/\/na-turkiye.org\/?lang=en\/#website"},"primaryImageOfPage":{"@id":"https:\/\/na-turkiye.org\/en\/#primaryimage"},"image":{"@id":"https:\/\/na-turkiye.org\/en\/#primaryimage"},"thumbnailUrl":"https:\/\/na-turkiye.org\/wp-content\/uploads\/2026\/04\/iletisim_son-2.jpg","datePublished":"2018-09-15T07:36:34+00:00","dateModified":"2024-02-12T09:02:12+00:00","breadcrumb":{"@id":"https:\/\/na-turkiye.org\/en\/#breadcrumb"},"inLanguage":"en-US","potentialAction":[{"@type":"ReadAction","target":["https:\/\/na-turkiye.org\/en\/"]}]},{"@type":"ImageObject","inLanguage":"en-US","@id":"https:\/\/na-turkiye.org\/en\/#primaryimage","url":"https:\/\/na-turkiye.org\/wp-content\/uploads\/2026\/04\/iletisim_son-2.jpg","contentUrl":"https:\/\/na-turkiye.org\/wp-content\/uploads\/2026\/04\/iletisim_son-2.jpg","width":640,"height":640},{"@type":"BreadcrumbList","@id":"https:\/\/na-turkiye.org\/en\/#breadcrumb","itemListElement":[{"@type":"ListItem","position":1,"name":"Ana sayfa","item":"https:\/\/na-turkiye.org\/en\/"},{"@type":"ListItem","position":2,"name":"Welcome"}]},{"@type":"WebSite","@id":"https:\/\/na-turkiye.org\/?lang=en\/#website","url":"https:\/\/na-turkiye.org\/?lang=en\/","name":"Ads\u0131z Narkotik T\u00fcrkiye","description":"Uyu\u015fturucu Problemse Biz Yard\u0131mc\u0131 Olabiliriz!","potentialAction":[{"@type":"SearchAction","target":{"@type":"EntryPoint","urlTemplate":"https:\/\/na-turkiye.org\/?lang=en\/?s={search_term_string}"},"query-input":{"@type":"PropertyValueSpecification","valueRequired":true,"valueName":"search_term_string"}}],"inLanguage":"en-US"}]}},"_links":{"self":[{"href":"https:\/\/na-turkiye.org\/en\/wp-json\/wp\/v2\/pages\/1105","targetHints":{"allow":["GET"]}}],"collection":[{"href":"https:\/\/na-turkiye.org\/en\/wp-json\/wp\/v2\/pages"}],"about":[{"href":"https:\/\/na-turkiye.org\/en\/wp-json\/wp\/v2\/types\/page"}],"author":[{"embeddable":true,"href":"https:\/\/na-turkiye.org\/en\/wp-json\/wp\/v2\/users\/1"}],"replies":[{"embeddable":true,"href":"https:\/\/na-turkiye.org\/en\/wp-json\/wp\/v2\/comments?post=1105"}],"version-history":[{"count":5,"href":"https:\/\/na-turkiye.org\/en\/wp-json\/wp\/v2\/pages\/1105\/revisions"}],"predecessor-version":[{"id":3334,"href":"https:\/\/na-turkiye.org\/en\/wp-json\/wp\/v2\/pages\/1105\/revisions\/3334"}],"wp:featuredmedia":[{"embeddable":true,"href":"https:\/\/na-turkiye.org\/en\/wp-json\/wp\/v2\/media\/4474"}],"wp:attachment":[{"href":"https:\/\/na-turkiye.org\/en\/wp-json\/wp\/v2\/media?parent=1105"}],"curies":[{"name":"wp","href":"https:\/\/api.w.org\/{rel}","templated":true}]}}