{"id":1115,"date":"2018-09-15T10:32:51","date_gmt":"2018-09-15T07:32:51","guid":{"rendered":"http:\/\/na-turkiye.org\/?page_id=1115"},"modified":"2018-09-15T10:33:58","modified_gmt":"2018-09-15T07:33:58","slug":"for-professionals","status":"publish","type":"page","link":"https:\/\/na-turkiye.org\/en\/for-professionals\/","title":{"rendered":"For Professionals"},"content":{"rendered":"<p>You can reach the printable versions of our posters by clicking on the pictures below.<\/p>\n<p>&nbsp;<\/p>\n<div class=\"article-content\">\n<p><a href=\"http:\/\/na-turkiye.org\/profesyoneller-icin\/adsiznarkotik_afis2014-2-320x4521\/\" rel=\"attachment wp-att-1011\"><img loading=\"lazy\" decoding=\"async\" class=\"aligncenter size-full wp-image-1011\" src=\"http:\/\/na-turkiye.org\/wp-content\/uploads\/2018\/08\/adsiznarkotik_afis2014-2-320x4521.png\" alt=\"\" width=\"320\" height=\"452\" srcset=\"https:\/\/na-turkiye.org\/wp-content\/uploads\/2018\/08\/adsiznarkotik_afis2014-2-320x4521.png 320w, https:\/\/na-turkiye.org\/wp-content\/uploads\/2018\/08\/adsiznarkotik_afis2014-2-320x4521-212x300.png 212w, https:\/\/na-turkiye.org\/wp-content\/uploads\/2018\/08\/adsiznarkotik_afis2014-2-320x4521-132x187.png 132w\" sizes=\"auto, (max-width: 320px) 100vw, 320px\" \/><\/a><\/p>\n<p><a href=\"http:\/\/na-turkiye.org\/profesyoneller-icin\/download-1\/\" rel=\"attachment wp-att-1013\"><img loading=\"lazy\" decoding=\"async\" class=\"aligncenter size-full wp-image-1013\" src=\"http:\/\/na-turkiye.org\/wp-content\/uploads\/2018\/08\/download-1.png\" alt=\"\" width=\"189\" height=\"267\" srcset=\"https:\/\/na-turkiye.org\/wp-content\/uploads\/2018\/08\/download-1.png 189w, https:\/\/na-turkiye.org\/wp-content\/uploads\/2018\/08\/download-1-132x187.png 132w\" sizes=\"auto, (max-width: 189px) 100vw, 189px\" \/><\/a><\/p>\n<p>&nbsp;<\/p>\n<\/div>\n","protected":false},"excerpt":{"rendered":"<p>You can reach the printable versions of our posters by clicking on the pictures below. &nbsp; &nbsp;<\/p>\n","protected":false},"author":1,"featured_media":0,"parent":0,"menu_order":0,"comment_status":"closed","ping_status":"closed","template":"","meta":{"footnotes":""},"class_list":["post-1115","page","type-page","status-publish","hentry"],"yoast_head":"<!-- This site is optimized with the Yoast SEO plugin v24.0 - https:\/\/yoast.com\/wordpress\/plugins\/seo\/ -->\n<title>For Professionals - Ads\u0131z Narkotik T\u00fcrkiye<\/title>\n<meta name=\"robots\" content=\"index, follow, max-snippet:-1, max-image-preview:large, max-video-preview:-1\" \/>\n<link rel=\"canonical\" href=\"https:\/\/na-turkiye.org\/for-professionals\/?lang=en\" \/>\n<meta property=\"og:locale\" content=\"en_US\" \/>\n<meta property=\"og:type\" content=\"article\" \/>\n<meta property=\"og:title\" content=\"For Professionals - Ads\u0131z Narkotik T\u00fcrkiye\" \/>\n<meta property=\"og:description\" content=\"You can reach the printable versions of our posters by clicking on the pictures below. &nbsp; &nbsp;\" \/>\n<meta property=\"og:url\" content=\"https:\/\/na-turkiye.org\/for-professionals\/?lang=en\" \/>\n<meta property=\"og:site_name\" content=\"Ads\u0131z Narkotik T\u00fcrkiye\" \/>\n<meta property=\"article:modified_time\" content=\"2018-09-15T07:33:58+00:00\" \/>\n<meta property=\"og:image\" content=\"http:\/\/na-turkiye.org\/wp-content\/uploads\/2018\/08\/adsiznarkotik_afis2014-2-320x4521.png\" \/>\n<meta name=\"twitter:card\" content=\"summary_large_image\" \/>\n<script type=\"application\/ld+json\" class=\"yoast-schema-graph\">{\"@context\":\"https:\/\/schema.org\",\"@graph\":[{\"@type\":\"WebPage\",\"@id\":\"https:\/\/na-turkiye.org\/for-professionals\/?lang=en\",\"url\":\"https:\/\/na-turkiye.org\/for-professionals\/?lang=en\",\"name\":\"For Professionals - Ads\u0131z Narkotik T\u00fcrkiye\",\"isPartOf\":{\"@id\":\"https:\/\/na-turkiye.org\/?lang=en\/#website\"},\"primaryImageOfPage\":{\"@id\":\"https:\/\/na-turkiye.org\/for-professionals\/?lang=en#primaryimage\"},\"image\":{\"@id\":\"https:\/\/na-turkiye.org\/for-professionals\/?lang=en#primaryimage\"},\"thumbnailUrl\":\"http:\/\/na-turkiye.org\/wp-content\/uploads\/2018\/08\/adsiznarkotik_afis2014-2-320x4521.png\",\"datePublished\":\"2018-09-15T07:32:51+00:00\",\"dateModified\":\"2018-09-15T07:33:58+00:00\",\"breadcrumb\":{\"@id\":\"https:\/\/na-turkiye.org\/for-professionals\/?lang=en#breadcrumb\"},\"inLanguage\":\"en-US\",\"potentialAction\":[{\"@type\":\"ReadAction\",\"target\":[\"https:\/\/na-turkiye.org\/for-professionals\/?lang=en\"]}]},{\"@type\":\"ImageObject\",\"inLanguage\":\"en-US\",\"@id\":\"https:\/\/na-turkiye.org\/for-professionals\/?lang=en#primaryimage\",\"url\":\"http:\/\/na-turkiye.org\/wp-content\/uploads\/2018\/08\/adsiznarkotik_afis2014-2-320x4521.png\",\"contentUrl\":\"http:\/\/na-turkiye.org\/wp-content\/uploads\/2018\/08\/adsiznarkotik_afis2014-2-320x4521.png\"},{\"@type\":\"BreadcrumbList\",\"@id\":\"https:\/\/na-turkiye.org\/for-professionals\/?lang=en#breadcrumb\",\"itemListElement\":[{\"@type\":\"ListItem\",\"position\":1,\"name\":\"Ana sayfa\",\"item\":\"https:\/\/na-turkiye.org\/en\/\"},{\"@type\":\"ListItem\",\"position\":2,\"name\":\"For Professionals\"}]},{\"@type\":\"WebSite\",\"@id\":\"https:\/\/na-turkiye.org\/?lang=en\/#website\",\"url\":\"https:\/\/na-turkiye.org\/?lang=en\/\",\"name\":\"Ads\u0131z Narkotik T\u00fcrkiye\",\"description\":\"Uyu\u015fturucu Problemse Biz Yard\u0131mc\u0131 Olabiliriz!\",\"potentialAction\":[{\"@type\":\"SearchAction\",\"target\":{\"@type\":\"EntryPoint\",\"urlTemplate\":\"https:\/\/na-turkiye.org\/?lang=en\/?s={search_term_string}\"},\"query-input\":{\"@type\":\"PropertyValueSpecification\",\"valueRequired\":true,\"valueName\":\"search_term_string\"}}],\"inLanguage\":\"en-US\"}]}<\/script>\n<!-- \/ Yoast SEO plugin. -->","yoast_head_json":{"title":"For Professionals - Ads\u0131z Narkotik T\u00fcrkiye","robots":{"index":"index","follow":"follow","max-snippet":"max-snippet:-1","max-image-preview":"max-image-preview:large","max-video-preview":"max-video-preview:-1"},"canonical":"https:\/\/na-turkiye.org\/for-professionals\/?lang=en","og_locale":"en_US","og_type":"article","og_title":"For Professionals - Ads\u0131z Narkotik T\u00fcrkiye","og_description":"You can reach the printable versions of our posters by clicking on the pictures below. &nbsp; &nbsp;","og_url":"https:\/\/na-turkiye.org\/for-professionals\/?lang=en","og_site_name":"Ads\u0131z Narkotik T\u00fcrkiye","article_modified_time":"2018-09-15T07:33:58+00:00","og_image":[{"url":"http:\/\/na-turkiye.org\/wp-content\/uploads\/2018\/08\/adsiznarkotik_afis2014-2-320x4521.png","type":"","width":"","height":""}],"twitter_card":"summary_large_image","schema":{"@context":"https:\/\/schema.org","@graph":[{"@type":"WebPage","@id":"https:\/\/na-turkiye.org\/for-professionals\/?lang=en","url":"https:\/\/na-turkiye.org\/for-professionals\/?lang=en","name":"For Professionals - Ads\u0131z Narkotik T\u00fcrkiye","isPartOf":{"@id":"https:\/\/na-turkiye.org\/?lang=en\/#website"},"primaryImageOfPage":{"@id":"https:\/\/na-turkiye.org\/for-professionals\/?lang=en#primaryimage"},"image":{"@id":"https:\/\/na-turkiye.org\/for-professionals\/?lang=en#primaryimage"},"thumbnailUrl":"http:\/\/na-turkiye.org\/wp-content\/uploads\/2018\/08\/adsiznarkotik_afis2014-2-320x4521.png","datePublished":"2018-09-15T07:32:51+00:00","dateModified":"2018-09-15T07:33:58+00:00","breadcrumb":{"@id":"https:\/\/na-turkiye.org\/for-professionals\/?lang=en#breadcrumb"},"inLanguage":"en-US","potentialAction":[{"@type":"ReadAction","target":["https:\/\/na-turkiye.org\/for-professionals\/?lang=en"]}]},{"@type":"ImageObject","inLanguage":"en-US","@id":"https:\/\/na-turkiye.org\/for-professionals\/?lang=en#primaryimage","url":"http:\/\/na-turkiye.org\/wp-content\/uploads\/2018\/08\/adsiznarkotik_afis2014-2-320x4521.png","contentUrl":"http:\/\/na-turkiye.org\/wp-content\/uploads\/2018\/08\/adsiznarkotik_afis2014-2-320x4521.png"},{"@type":"BreadcrumbList","@id":"https:\/\/na-turkiye.org\/for-professionals\/?lang=en#breadcrumb","itemListElement":[{"@type":"ListItem","position":1,"name":"Ana sayfa","item":"https:\/\/na-turkiye.org\/en\/"},{"@type":"ListItem","position":2,"name":"For Professionals"}]},{"@type":"WebSite","@id":"https:\/\/na-turkiye.org\/?lang=en\/#website","url":"https:\/\/na-turkiye.org\/?lang=en\/","name":"Ads\u0131z Narkotik T\u00fcrkiye","description":"Uyu\u015fturucu Problemse Biz Yard\u0131mc\u0131 Olabiliriz!","potentialAction":[{"@type":"SearchAction","target":{"@type":"EntryPoint","urlTemplate":"https:\/\/na-turkiye.org\/?lang=en\/?s={search_term_string}"},"query-input":{"@type":"PropertyValueSpecification","valueRequired":true,"valueName":"search_term_string"}}],"inLanguage":"en-US"}]}},"_links":{"self":[{"href":"https:\/\/na-turkiye.org\/en\/wp-json\/wp\/v2\/pages\/1115","targetHints":{"allow":["GET"]}}],"collection":[{"href":"https:\/\/na-turkiye.org\/en\/wp-json\/wp\/v2\/pages"}],"about":[{"href":"https:\/\/na-turkiye.org\/en\/wp-json\/wp\/v2\/types\/page"}],"author":[{"embeddable":true,"href":"https:\/\/na-turkiye.org\/en\/wp-json\/wp\/v2\/users\/1"}],"replies":[{"embeddable":true,"href":"https:\/\/na-turkiye.org\/en\/wp-json\/wp\/v2\/comments?post=1115"}],"version-history":[{"count":4,"href":"https:\/\/na-turkiye.org\/en\/wp-json\/wp\/v2\/pages\/1115\/revisions"}],"predecessor-version":[{"id":1127,"href":"https:\/\/na-turkiye.org\/en\/wp-json\/wp\/v2\/pages\/1115\/revisions\/1127"}],"wp:attachment":[{"href":"https:\/\/na-turkiye.org\/en\/wp-json\/wp\/v2\/media?parent=1115"}],"curies":[{"name":"wp","href":"https:\/\/api.w.org\/{rel}","templated":true}]}}